{"id":3501,"date":"2022-03-14T15:17:30","date_gmt":"2022-03-14T15:17:30","guid":{"rendered":"https:\/\/zhintek.com\/programa-kit-digital\/"},"modified":"2022-03-14T15:17:30","modified_gmt":"2022-03-14T15:17:30","slug":"programa-kit-digital","status":"publish","type":"page","link":"https:\/\/zhintek.com\/es\/programa-kit-digital\/","title":{"rendered":"Programa Kit Digital"},"content":{"rendered":"<div class=\"flex_column av_one_full  flex_column_div av-zero-column-padding first  \" style='border-radius:0px; '><section class=\"av_textblock_section \"  itemscope=\"itemscope\" itemtype=\"https:\/\/schema.org\/CreativeWork\" ><div class='avia_textblock  '   itemprop=\"text\" ><p style=\"text-align: center;\">PROGRAMA KIT DIGITAL COFINANCIADO POR LOS FONDOS NEXT GENERATION (EU) DEL MECANISMO DE RECUPERACI\u00d3N Y RESILENCIA<\/p>\n<\/div><\/section><br \/>\n<div class='avia-image-container  av-styling-    avia-align-center '  itemprop=\"ImageObject\" itemscope=\"itemscope\" itemtype=\"https:\/\/schema.org\/ImageObject\"  ><div class='avia-image-container-inner'><div class='avia-image-overlay-wrap'><a href='https:\/\/red.es\/es\/actualidad\/noticias\/manana-se-abre-el-plazo-para-solicitar-las-primeras-ayudas-de-kit-digital-para' class='avia_image'  ><img class='avia_image ' src='https:\/\/zhintek.com\/wp-content\/uploads\/2022\/03\/logosKD.jpg' alt='' title='logosKD'  itemprop=\"thumbnailUrl\"  \/><\/a><\/div><\/div><\/div><\/p><\/div><div  class='hr hr-default  '><span class='hr-inner ' ><span class='hr-inner-style'><\/span><\/span><\/div><\/p>\n<div class=\"flex_column av_one_full  flex_column_div av-zero-column-padding first  \" style='border-radius:0px; '><section class=\"av_textblock_section \"  itemscope=\"itemscope\" itemtype=\"https:\/\/schema.org\/CreativeWork\" ><div class='avia_textblock  '   itemprop=\"text\" ><h3>Soluciones ofertadas dentro del programa kit digital<\/h3>\n<\/div><\/section><\/div>\n<div class=\"flex_column av_one_fourth  flex_column_div av-zero-column-padding first  \" style='border-radius:0px; '><section class=\"av_textblock_section \"  itemscope=\"itemscope\" itemtype=\"https:\/\/schema.org\/CreativeWork\" ><div class='avia_textblock  '   itemprop=\"text\" ><h2>Sitio Web y presencia en internet.<\/h2>\n<p>DISE\u00d1O Y PROGRAMACI\u00d3N DE SITIOS WEB CORPORATIVOS Y DE PRODUCTO<\/p>\n<p>Proyectamos tu sitio web estudiando la mejor soluci\u00f3n adaptada a tus necesidades, elaborando una memoria t\u00e9cnica con todas las funcionalidades y alternativas. A posteriori, procedemos a su desarrollo con una metodolog\u00eda \u00e1gil que nos permite ir avanzando contigo con los ajustes y contenidos necesarios para salir a producci\u00f3n.<\/p>\n<p><strong>Desde 3.000\u20ac<\/strong><\/p>\n<hr \/>\n<\/div><\/section><\/div>\n<div class=\"flex_column av_one_fourth  flex_column_div av-zero-column-padding   \" style='border-radius:0px; '><section class=\"av_textblock_section \"  itemscope=\"itemscope\" itemtype=\"https:\/\/schema.org\/CreativeWork\" ><div class='avia_textblock  '   itemprop=\"text\" ><h2>Comercio electr\u00f3nico.<\/h2>\n<p>DISE\u00d1O Y PROGRAMACI\u00d3N DE TIENDAS ONLINE<\/p>\n<p>Creamos tiendas online persuasivas para alcanzar nuevos p\u00fablicos en Internet, utilizando distintos tipos de tecnolog\u00edas y dise\u00f1os en funci\u00f3n de cada proyecto. e-commerce entre empresas (B2B) o dirigido al consumidor final (B2C). Somos especialistas en venta online.<\/p>\n<p><strong>Desde 4.000\u20ac<\/strong><\/p>\n<hr \/>\n<\/div><\/section><\/div>\n<div class=\"flex_column av_one_fourth  flex_column_div av-zero-column-padding   \" style='border-radius:0px; '><section class=\"av_textblock_section \"  itemscope=\"itemscope\" itemtype=\"https:\/\/schema.org\/CreativeWork\" ><div class='avia_textblock  '   itemprop=\"text\" ><h2>Gesti\u00f3n de clientes. CRM.<\/h2>\n<p>SEGUIMIENTO DE LEADS, CERRAR OPORTUNIDADES Y PRON\u00d3STICOS PRECISOS<\/p>\n<p>Obt\u00e9n la informaci\u00f3n que necesitas para tomar decisiones m\u00e1s inteligentes. Te ayudamos a usar las herramientas que mejor se adapten a tus necesidades de negocio.<\/p>\n<p><strong>Desde 3.000\u20ac<\/strong><\/p>\n<hr \/>\n<\/div><\/section><\/div>\n<div class=\"flex_column av_one_fourth  flex_column_div av-zero-column-padding   \" style='border-radius:0px; '><section class=\"av_textblock_section \"  itemscope=\"itemscope\" itemtype=\"https:\/\/schema.org\/CreativeWork\" ><div class='avia_textblock  '   itemprop=\"text\" ><h2>Gesti\u00f3n de procesos. ERP.<\/h2>\n<p>IMPLANTA O MIGRA TU ERP. Digitaliza todos los procesos de tu empresa.<\/p>\n<p>Te ayudamos a analizar tus necesidades a nivel de procesos, y te dise\u00f1amos la mejor soluci\u00f3n para implantar un ERP a tu medida: facturaci\u00f3n, contabilidad, ventas, almac\u00e9n, proyectos, recursos humanos, integraciones de sistemas.<\/p>\n<p><strong>Desde 7.500\u20ac<\/strong><\/p>\n<hr \/>\n<\/div><\/section><\/div>\n<div class=\"flex_column av_one_fifth  flex_column_div av-zero-column-padding first  \" style='border-radius:0px; '><\/div>\n<div class=\"flex_column av_one_third  flex_column_div av-zero-column-padding   \" style='border-radius:0px; '><p><div class='avia-image-container  av-styling-    avia-align-center '  itemprop=\"ImageObject\" itemscope=\"itemscope\" itemtype=\"https:\/\/schema.org\/ImageObject\"  ><div class='avia-image-container-inner'><div class='avia-image-overlay-wrap'><img class='avia_image ' src='https:\/\/zhintek.com\/wp-content\/uploads\/2022\/03\/kdLogo.png' alt='' title='kdLogo' height=\"118\"width=\"413\"  itemprop=\"thumbnailUrl\"  \/><\/div><\/div><\/div><br \/>\n<section class=\"av_textblock_section \"  itemscope=\"itemscope\" itemtype=\"https:\/\/schema.org\/CreativeWork\" ><div class='avia_textblock  '   itemprop=\"text\" ><p>\u00bfC\u00f3mo ayudamos a acelerar tu PYME?<\/p>\n<p>Zhintek ha accedido al programa Kit Digital de red.es para solucionar las necesidades de digitalizaci\u00f3n de las empresas de Barcelona en lo que a Software de Gesti\u00f3n se refiere: ERP, CRM, e-commerce.<\/p>\n<\/div><\/section><\/p><\/div>\n<div class=\"flex_column av_one_third  flex_column_div av-zero-column-padding   \" style='border-radius:0px; '><section class=\"av_textblock_section \"  itemscope=\"itemscope\" itemtype=\"https:\/\/schema.org\/CreativeWork\" ><div class='avia_textblock  '   itemprop=\"text\" ><p>Todos nuestros integrantes tienen m\u00e1s de 10 a\u00f1os de experiencia en el mundo de la consultor\u00eda e implantaci\u00f3n, preocupandonos de escoger la mejor soluci\u00f3n e implantado en un proceso de acompa\u00f1amiento continuo con el cliente.<\/p>\n<p>Nuestro principal obetivo es que nuestro cliente nos vea como alguien m\u00e1s de su equipo, alguien plenamente alineado con alcanzar sus objetivos.<\/p>\n<\/div><\/section><\/div>\n","protected":false},"excerpt":{"rendered":"","protected":false},"author":2,"featured_media":0,"parent":0,"menu_order":0,"comment_status":"closed","ping_status":"closed","template":"","meta":[],"_links":{"self":[{"href":"https:\/\/zhintek.com\/es\/wp-json\/wp\/v2\/pages\/3501"}],"collection":[{"href":"https:\/\/zhintek.com\/es\/wp-json\/wp\/v2\/pages"}],"about":[{"href":"https:\/\/zhintek.com\/es\/wp-json\/wp\/v2\/types\/page"}],"author":[{"embeddable":true,"href":"https:\/\/zhintek.com\/es\/wp-json\/wp\/v2\/users\/2"}],"replies":[{"embeddable":true,"href":"https:\/\/zhintek.com\/es\/wp-json\/wp\/v2\/comments?post=3501"}],"version-history":[{"count":0,"href":"https:\/\/zhintek.com\/es\/wp-json\/wp\/v2\/pages\/3501\/revisions"}],"wp:attachment":[{"href":"https:\/\/zhintek.com\/es\/wp-json\/wp\/v2\/media?parent=3501"}],"curies":[{"name":"wp","href":"https:\/\/api.w.org\/{rel}","templated":true}]}}